{"id":723,"date":"2015-05-22T17:23:28","date_gmt":"2015-05-22T15:23:28","guid":{"rendered":"http:\/\/www.abka.net\/?page_id=723"},"modified":"2023-01-20T09:45:56","modified_gmt":"2023-01-20T07:45:56","slug":"videolar","status":"publish","type":"page","link":"https:\/\/www.abka.net\/?page_id=723","title":{"rendered":"Aquatherm Kaynak Videolar\u0131"},"content":{"rendered":"<p><a href=\"http:\/\/www.abka.net\/wp-content\/upLoads\/800W-makina-kaynak.mp4\">800W El Kaynak Makinas\u0131 \u0130le Kaynak<\/a><\/p>\n<p><a href=\"http:\/\/www.abka.net\/wp-content\/upLoads\/1400W-makina-kaynak.mp4\">1400W El Kaynak Makinas\u0131 \u0130le Kaynak<\/a><\/p>\n<p><a href=\"http:\/\/www.abka.net\/wp-content\/upLoads\/1400W-tezgah-makina-kaynak.mp4\">1400W Tezgah Makina \u0130le Kaynak<\/a><\/p>\n<p><a href=\"http:\/\/www.abka.net\/wp-content\/upLoads\/Akulu-El-Kaynak-Makinasi-Sabitleyici.mp4\">Ak\u00fcl\u00fc El Kaynak Makinas\u0131 Sabitleyicisi<\/a><\/p>\n<p><a href=\"http:\/\/www.abka.net\/wp-content\/upLoads\/Aquatherm-Akulu-El-Kaynak.mp4\">Ak\u00fcl\u00fc El Kaynak Makinas\u0131 Sabitleyici 2<\/a><\/p>\n<p><a href=\"http:\/\/www.abka.net\/wp-content\/upLoads\/Elektroman\u015fon-kaynak.mp4\">Elektroman\u015fon Kaynak<\/a><\/p>\n<p><a href=\"http:\/\/www.abka.net\/wp-content\/upLoads\/Alin-kaynak.mp4\">Al\u0131n Kaynak<\/a><\/p>\n<p><a href=\"http:\/\/www.abka.net\/wp-content\/upLoads\/Kucuk-Alin-Kaynak.mp4\">Dikey Al\u0131n Kaynak<\/a><\/p>\n<p><a href=\"http:\/\/www.abka.net\/wp-content\/upLoads\/Kollektor-Gecis-Parcasi.mp4\">Kollekt\u00f6r Ge\u00e7i\u015f Par\u00e7as\u0131<\/a><\/p>\n<p><a href=\"http:\/\/www.abka.net\/wp-content\/upLoads\/Dikey-Hat-Alma.mp4\">Dikey Hat Alma<\/a><\/p>\n","protected":false},"excerpt":{"rendered":"<p>800W El Kaynak Makinas\u0131 \u0130le Kaynak 1400W El Kaynak Makinas\u0131 \u0130le Kaynak 1400W Tezgah Makina \u0130le Kaynak Ak\u00fcl\u00fc El Kaynak Makinas\u0131 Sabitleyicisi Ak\u00fcl\u00fc El Kaynak Makinas\u0131 Sabitleyici 2 Elektroman\u015fon Kaynak Al\u0131n Kaynak Dikey Al\u0131n Kaynak Kollekt\u00f6r Ge\u00e7i\u015f Par\u00e7as\u0131 Dikey Hat &hellip; <a href=\"https:\/\/www.abka.net\/?page_id=723\">Okumaya devam et <span class=\"meta-nav\">&rarr;<\/span><\/a><\/p>\n","protected":false},"author":1,"featured_media":0,"parent":0,"menu_order":0,"comment_status":"closed","ping_status":"closed","template":"","meta":{"footnotes":""},"class_list":["post-723","page","type-page","status-publish","hentry"],"_links":{"self":[{"href":"https:\/\/www.abka.net\/index.php?rest_route=\/wp\/v2\/pages\/723","targetHints":{"allow":["GET"]}}],"collection":[{"href":"https:\/\/www.abka.net\/index.php?rest_route=\/wp\/v2\/pages"}],"about":[{"href":"https:\/\/www.abka.net\/index.php?rest_route=\/wp\/v2\/types\/page"}],"author":[{"embeddable":true,"href":"https:\/\/www.abka.net\/index.php?rest_route=\/wp\/v2\/users\/1"}],"replies":[{"embeddable":true,"href":"https:\/\/www.abka.net\/index.php?rest_route=%2Fwp%2Fv2%2Fcomments&post=723"}],"version-history":[{"count":8,"href":"https:\/\/www.abka.net\/index.php?rest_route=\/wp\/v2\/pages\/723\/revisions"}],"predecessor-version":[{"id":920,"href":"https:\/\/www.abka.net\/index.php?rest_route=\/wp\/v2\/pages\/723\/revisions\/920"}],"wp:attachment":[{"href":"https:\/\/www.abka.net\/index.php?rest_route=%2Fwp%2Fv2%2Fmedia&parent=723"}],"curies":[{"name":"wp","href":"https:\/\/api.w.org\/{rel}","templated":true}]}}