{"id":571,"date":"2011-07-19T10:02:34","date_gmt":"2011-07-19T08:02:34","guid":{"rendered":"http:\/\/www.abka.net\/?page_id=571"},"modified":"2021-12-13T15:52:06","modified_gmt":"2021-12-13T13:52:06","slug":"hakkimizda","status":"publish","type":"page","link":"https:\/\/www.abka.net\/?page_id=571","title":{"rendered":"Hakk\u0131m\u0131zda"},"content":{"rendered":"<p>Firmam\u0131z 1987 senesinde S\u00fcleyman Hilmi Hac\u0131o\u011flu liderli\u011finde, M\u00fchendislik Hizmeti vermek \u00fczere \u0130stanbul Avrupa yakas\u0131 Tophane semtinde kurulmu\u015ftur. T\u00fcrkiye \u00e7ap\u0131nda en kaliteli \u00fcr\u00fcnlerin <strong>(AQUATHERM, WAVIN-AS, FUJITSU KL\u0130MA S\u0130STEMLER\u0130, HITACHI KL\u0130MA S\u0130STEMLER\u0130)<\/strong> sat\u0131\u015f\u0131n\u0131 yapan Distrib\u00fct\u00f6r firmalarla bayilik anla\u015fmalar\u0131 yapm\u0131\u015ft\u0131r.<\/p>\n<p>Kuruldu\u011fu g\u00fcnden bu g\u00fcne kadar m\u00fc\u015fterilerine kaliteli malzeme sunmay\u0131 daima hedef haline getirmi\u015ftir.<\/p>\n<p>Bunun bir sonucu olarak \u00f6zellikle kaliteye \u00f6nem veren projeler i\u00e7in vazge\u00e7ilmez olmu\u015ftur.<\/p>\n<p>Hedefimiz hi\u00e7bir zaman piyasada sat\u0131lan klasik \u00fcr\u00fcnlerle yetinmek olmam\u0131\u015ft\u0131r. Teknolojik geli\u015fmeler \u0131\u015f\u0131\u011f\u0131nda piyasaya \u00e7\u0131kacak yeni \u00fcr\u00fcnlerin ara\u015ft\u0131rmas\u0131n\u0131 yaparak, bu \u00fcr\u00fcnleri kullan\u0131c\u0131lar\u0131na sunmak vizyonumuzdur.<\/p>\n<p>Bu ama\u00e7 i\u00e7in firmam\u0131z; 2006 y\u0131l\u0131nda \u0130stanbul Anadolu yakas\u0131 \u00dcmraniye-Dudullu semtinde bulunan, kendimize ait yeni ve daha b\u00fcy\u00fck plaza&#8217;m\u0131za ta\u015f\u0131nm\u0131\u015ft\u0131r.<\/p>\n<p>Bu sayede firmam\u0131z, ticari hayat\u0131na ba\u015flad\u0131\u011f\u0131 g\u00fcnden bu g\u00fcne lokomotif markalar\u0131m\u0131z olan; <strong>AQUATHERM ve WAVIN-AS <\/strong>\u00fcr\u00fcnlerinin<strong>\u00a0\u0130lk Marmara B\u00f6lgesi Ana\u00a0Da\u011f\u0131t\u0131c\u0131s\u0131\u00a0<\/strong>olarak, \u00a01000 m2&#8217;lik kapal\u0131 depomuzda ve y\u00fcksek stok kabiliyetiyle hizmet vermeye devam etmektedir.<\/p>\n<p>Firmam\u0131z sizlerinde deste\u011fiyle b\u00fcy\u00fcmeye devam edecektir.<\/p>\n","protected":false},"excerpt":{"rendered":"<p>Firmam\u0131z 1987 senesinde S\u00fcleyman Hilmi Hac\u0131o\u011flu liderli\u011finde, M\u00fchendislik Hizmeti vermek \u00fczere \u0130stanbul Avrupa yakas\u0131 Tophane semtinde kurulmu\u015ftur. T\u00fcrkiye \u00e7ap\u0131nda en kaliteli \u00fcr\u00fcnlerin (AQUATHERM, WAVIN-AS, FUJITSU KL\u0130MA S\u0130STEMLER\u0130, HITACHI KL\u0130MA S\u0130STEMLER\u0130) sat\u0131\u015f\u0131n\u0131 yapan Distrib\u00fct\u00f6r firmalarla bayilik anla\u015fmalar\u0131 yapm\u0131\u015ft\u0131r. Kuruldu\u011fu g\u00fcnden bu &hellip; <a href=\"https:\/\/www.abka.net\/?page_id=571\">Okumaya devam et <span class=\"meta-nav\">&rarr;<\/span><\/a><\/p>\n","protected":false},"author":1,"featured_media":0,"parent":0,"menu_order":8,"comment_status":"closed","ping_status":"closed","template":"","meta":{"footnotes":""},"class_list":["post-571","page","type-page","status-publish","hentry"],"_links":{"self":[{"href":"https:\/\/www.abka.net\/index.php?rest_route=\/wp\/v2\/pages\/571","targetHints":{"allow":["GET"]}}],"collection":[{"href":"https:\/\/www.abka.net\/index.php?rest_route=\/wp\/v2\/pages"}],"about":[{"href":"https:\/\/www.abka.net\/index.php?rest_route=\/wp\/v2\/types\/page"}],"author":[{"embeddable":true,"href":"https:\/\/www.abka.net\/index.php?rest_route=\/wp\/v2\/users\/1"}],"replies":[{"embeddable":true,"href":"https:\/\/www.abka.net\/index.php?rest_route=%2Fwp%2Fv2%2Fcomments&post=571"}],"version-history":[{"count":9,"href":"https:\/\/www.abka.net\/index.php?rest_route=\/wp\/v2\/pages\/571\/revisions"}],"predecessor-version":[{"id":872,"href":"https:\/\/www.abka.net\/index.php?rest_route=\/wp\/v2\/pages\/571\/revisions\/872"}],"wp:attachment":[{"href":"https:\/\/www.abka.net\/index.php?rest_route=%2Fwp%2Fv2%2Fmedia&parent=571"}],"curies":[{"name":"wp","href":"https:\/\/api.w.org\/{rel}","templated":true}]}}