{"id":381,"date":"2011-03-22T11:32:33","date_gmt":"2011-03-22T09:32:33","guid":{"rendered":"http:\/\/www.abka.net\/?page_id=381"},"modified":"2012-01-02T10:34:04","modified_gmt":"2012-01-02T08:34:04","slug":"aquatherm-brosurler","status":"publish","type":"page","link":"https:\/\/www.abka.net\/?page_id=381","title":{"rendered":"Aquatherm Bro\u015f\u00fcrler"},"content":{"rendered":"<p><a rel=\"attachment wp-att-382\" href=\"http:\/\/www.abka.net\/?attachment_id=382\">Aquatherm PE-RT<\/a><\/p>\n<p><a rel=\"attachment wp-att-392\" href=\"http:\/\/www.abka.net\/?attachment_id=392\">Aquatherm Lilac Boru<\/a><\/p>\n<p><a rel=\"attachment wp-att-395\" href=\"http:\/\/www.abka.net\/?attachment_id=395\">Aquatherm CET Hammadde<\/a><\/p>\n<p><a rel=\"attachment wp-att-396\" href=\"http:\/\/www.abka.net\/?attachment_id=396\">Aquatherm Kollektor Gecis Parcasi<\/a><\/p>\n<p><a rel=\"attachment wp-att-399\" href=\"http:\/\/www.abka.net\/?attachment_id=399\">Aquatherm Tesisat Teknigindeki Hammadde Cesitliligi<\/a><\/p>\n<p><a rel=\"attachment wp-att-580\" href=\"http:\/\/www.abka.net\/?attachment_id=580\">Kaynak s\u0131ras\u0131nda uyulmas\u0131 gereken hususlar<\/a><\/p>\n<p>&nbsp;<\/p>\n<p>&nbsp;<\/p>\n<p>&nbsp;<\/p>\n<p>&nbsp;<\/p>\n","protected":false},"excerpt":{"rendered":"<p>Aquatherm PE-RT Aquatherm Lilac Boru Aquatherm CET Hammadde Aquatherm Kollektor Gecis Parcasi Aquatherm Tesisat Teknigindeki Hammadde Cesitliligi Kaynak s\u0131ras\u0131nda uyulmas\u0131 gereken hususlar &nbsp; &nbsp; &nbsp; &nbsp;<\/p>\n","protected":false},"author":1,"featured_media":0,"parent":0,"menu_order":1,"comment_status":"closed","ping_status":"closed","template":"","meta":{"footnotes":""},"class_list":["post-381","page","type-page","status-publish","hentry"],"_links":{"self":[{"href":"https:\/\/www.abka.net\/index.php?rest_route=\/wp\/v2\/pages\/381","targetHints":{"allow":["GET"]}}],"collection":[{"href":"https:\/\/www.abka.net\/index.php?rest_route=\/wp\/v2\/pages"}],"about":[{"href":"https:\/\/www.abka.net\/index.php?rest_route=\/wp\/v2\/types\/page"}],"author":[{"embeddable":true,"href":"https:\/\/www.abka.net\/index.php?rest_route=\/wp\/v2\/users\/1"}],"replies":[{"embeddable":true,"href":"https:\/\/www.abka.net\/index.php?rest_route=%2Fwp%2Fv2%2Fcomments&post=381"}],"version-history":[{"count":19,"href":"https:\/\/www.abka.net\/index.php?rest_route=\/wp\/v2\/pages\/381\/revisions"}],"predecessor-version":[{"id":582,"href":"https:\/\/www.abka.net\/index.php?rest_route=\/wp\/v2\/pages\/381\/revisions\/582"}],"wp:attachment":[{"href":"https:\/\/www.abka.net\/index.php?rest_route=%2Fwp%2Fv2%2Fmedia&parent=381"}],"curies":[{"name":"wp","href":"https:\/\/api.w.org\/{rel}","templated":true}]}}