{"id":344,"date":"2011-03-21T18:05:07","date_gmt":"2011-03-21T16:05:07","guid":{"rendered":"http:\/\/www.abka.net\/?page_id=344"},"modified":"2012-01-02T10:34:32","modified_gmt":"2012-01-02T08:34:32","slug":"referanslar","status":"publish","type":"page","link":"https:\/\/www.abka.net\/?page_id=344","title":{"rendered":"Referanslar"},"content":{"rendered":"<p><a href=\"http:\/\/aquatherm.com.tr\/yeni\/images\/katalogpdf\/referenzen.pdf\" target=\"_blank\">Aquatherm&#8217;in D\u00fcnya \u00c7ap\u0131ndaki Referanslar\u0131 Katalo\u011fu<\/a><\/p>\n<p><a rel=\"attachment wp-att-559\" href=\"http:\/\/www.abka.net\/?attachment_id=559\">Aquatherm Referanslar<\/a><\/p>\n<p><a rel=\"attachment wp-att-562\" href=\"http:\/\/www.abka.net\/?attachment_id=562\">Wavin AS Referanslar<\/a><\/p>\n<p>&nbsp;<\/p>\n<p>&nbsp;<\/p>\n","protected":false},"excerpt":{"rendered":"<p>Aquatherm&#8217;in D\u00fcnya \u00c7ap\u0131ndaki Referanslar\u0131 Katalo\u011fu Aquatherm Referanslar Wavin AS Referanslar &nbsp; &nbsp;<\/p>\n","protected":false},"author":1,"featured_media":0,"parent":0,"menu_order":7,"comment_status":"closed","ping_status":"closed","template":"","meta":{"footnotes":""},"class_list":["post-344","page","type-page","status-publish","hentry"],"_links":{"self":[{"href":"https:\/\/www.abka.net\/index.php?rest_route=\/wp\/v2\/pages\/344","targetHints":{"allow":["GET"]}}],"collection":[{"href":"https:\/\/www.abka.net\/index.php?rest_route=\/wp\/v2\/pages"}],"about":[{"href":"https:\/\/www.abka.net\/index.php?rest_route=\/wp\/v2\/types\/page"}],"author":[{"embeddable":true,"href":"https:\/\/www.abka.net\/index.php?rest_route=\/wp\/v2\/users\/1"}],"replies":[{"embeddable":true,"href":"https:\/\/www.abka.net\/index.php?rest_route=%2Fwp%2Fv2%2Fcomments&post=344"}],"version-history":[{"count":25,"href":"https:\/\/www.abka.net\/index.php?rest_route=\/wp\/v2\/pages\/344\/revisions"}],"predecessor-version":[{"id":584,"href":"https:\/\/www.abka.net\/index.php?rest_route=\/wp\/v2\/pages\/344\/revisions\/584"}],"wp:attachment":[{"href":"https:\/\/www.abka.net\/index.php?rest_route=%2Fwp%2Fv2%2Fmedia&parent=344"}],"curies":[{"name":"wp","href":"https:\/\/api.w.org\/{rel}","templated":true}]}}