{"id":328,"date":"2011-03-21T15:56:16","date_gmt":"2011-03-21T13:56:16","guid":{"rendered":"http:\/\/www.abka.net\/?page_id=328"},"modified":"2026-01-21T11:47:02","modified_gmt":"2026-01-21T09:47:02","slug":"fiyat-listeleri","status":"publish","type":"page","link":"https:\/\/www.abka.net\/?page_id=328","title":{"rendered":"Fiyat Listeleri"},"content":{"rendered":"<p><a href=\"https:\/\/www.abka.net\/?attachment_id=965\" rel=\"attachment wp-att-965\">Abka Fiyat Listesi 2026<\/a><\/p>\n<p>\u0130skonto oranlar\u0131 i\u00e7in L\u00fctfen firmam\u0131zla irtibata ge\u00e7iniz<\/p>\n\n\n<p><\/p>\n","protected":false},"excerpt":{"rendered":"<p>Abka Fiyat Listesi 2026 \u0130skonto oranlar\u0131 i\u00e7in L\u00fctfen firmam\u0131zla irtibata ge\u00e7iniz<\/p>\n","protected":false},"author":1,"featured_media":0,"parent":0,"menu_order":4,"comment_status":"closed","ping_status":"closed","template":"","meta":{"footnotes":""},"class_list":["post-328","page","type-page","status-publish","hentry"],"_links":{"self":[{"href":"https:\/\/www.abka.net\/index.php?rest_route=\/wp\/v2\/pages\/328","targetHints":{"allow":["GET"]}}],"collection":[{"href":"https:\/\/www.abka.net\/index.php?rest_route=\/wp\/v2\/pages"}],"about":[{"href":"https:\/\/www.abka.net\/index.php?rest_route=\/wp\/v2\/types\/page"}],"author":[{"embeddable":true,"href":"https:\/\/www.abka.net\/index.php?rest_route=\/wp\/v2\/users\/1"}],"replies":[{"embeddable":true,"href":"https:\/\/www.abka.net\/index.php?rest_route=%2Fwp%2Fv2%2Fcomments&post=328"}],"version-history":[{"count":41,"href":"https:\/\/www.abka.net\/index.php?rest_route=\/wp\/v2\/pages\/328\/revisions"}],"predecessor-version":[{"id":966,"href":"https:\/\/www.abka.net\/index.php?rest_route=\/wp\/v2\/pages\/328\/revisions\/966"}],"wp:attachment":[{"href":"https:\/\/www.abka.net\/index.php?rest_route=%2Fwp%2Fv2%2Fmedia&parent=328"}],"curies":[{"name":"wp","href":"https:\/\/api.w.org\/{rel}","templated":true}]}}