{"id":266,"date":"2011-03-20T17:04:15","date_gmt":"2011-03-20T15:04:15","guid":{"rendered":"http:\/\/www.abka.net\/?page_id=266"},"modified":"2022-05-20T15:21:01","modified_gmt":"2022-05-20T13:21:01","slug":"iletisim","status":"publish","type":"page","link":"http:\/\/www.abka.net\/?page_id=266","title":{"rendered":"\u0130leti\u015fim"},"content":{"rendered":"<p style=\"text-align: center;\">Adresimiz:<br \/>\nEsen\u015fehir Mahallesi K\u00fcrk\u00e7\u00fcler Caddesi Ery\u0131lmaz Sokak<br \/>\nABKA Plaza No:28 Kat:2\u00a0 \u00a0 Yukar\u0131Dudullu-\u00dcmraniye\/\u0130STANBUL<\/p>\n<p style=\"text-align: center;\">Telefonlar\u0131m\u0131z \u00a0 \u00a0 :<\/p>\n<p style=\"text-align: center;\">Sabit : 0 216 364 33 64<\/p>\n<p style=\"text-align: center;\">Cep :\u00a0 0 532 404 70 73<\/p>\n<p style=\"text-align: center;\">Faks :<\/p>\n<p style=\"text-align: center;\">+90 216 313 46 46<\/p>\n<p style=\"text-align: center;\">E-Mail : merkez@abka.net<br \/>\n<small><a style=\"color: #0000ff; text-align: left;\" href=\"http:\/\/maps.google.com\/maps?f=q&amp;source=embed&amp;hl=tr&amp;geocode=&amp;q=abka&amp;sll=41.017534,29.175396&amp;sspn=0.030308,0.053902&amp;ie=UTF8&amp;t=h&amp;ll=41.013212,29.164839&amp;spn=0.007772,0.013733&amp;z=16&amp;iwloc=D\">Daha B\u00fcy\u00fck Haritay\u0131 G\u00f6r\u00fcnt\u00fcle<\/a><\/small><\/p>\n","protected":false},"excerpt":{"rendered":"<p>Adresimiz: Esen\u015fehir Mahallesi K\u00fcrk\u00e7\u00fcler Caddesi Ery\u0131lmaz Sokak ABKA Plaza No:28 Kat:2\u00a0 \u00a0 Yukar\u0131Dudullu-\u00dcmraniye\/\u0130STANBUL Telefonlar\u0131m\u0131z \u00a0 \u00a0 : Sabit : 0 216 364 33 64 Cep :\u00a0 0 532 404 70 73 Faks : +90 216 313 46 46 E-Mail : &hellip; <a href=\"http:\/\/www.abka.net\/?page_id=266\">Okumaya devam et <span class=\"meta-nav\">&rarr;<\/span><\/a><\/p>\n","protected":false},"author":1,"featured_media":0,"parent":0,"menu_order":9,"comment_status":"closed","ping_status":"closed","template":"","meta":{"footnotes":""},"class_list":["post-266","page","type-page","status-publish","hentry"],"_links":{"self":[{"href":"http:\/\/www.abka.net\/index.php?rest_route=\/wp\/v2\/pages\/266","targetHints":{"allow":["GET"]}}],"collection":[{"href":"http:\/\/www.abka.net\/index.php?rest_route=\/wp\/v2\/pages"}],"about":[{"href":"http:\/\/www.abka.net\/index.php?rest_route=\/wp\/v2\/types\/page"}],"author":[{"embeddable":true,"href":"http:\/\/www.abka.net\/index.php?rest_route=\/wp\/v2\/users\/1"}],"replies":[{"embeddable":true,"href":"http:\/\/www.abka.net\/index.php?rest_route=%2Fwp%2Fv2%2Fcomments&post=266"}],"version-history":[{"count":18,"href":"http:\/\/www.abka.net\/index.php?rest_route=\/wp\/v2\/pages\/266\/revisions"}],"predecessor-version":[{"id":878,"href":"http:\/\/www.abka.net\/index.php?rest_route=\/wp\/v2\/pages\/266\/revisions\/878"}],"wp:attachment":[{"href":"http:\/\/www.abka.net\/index.php?rest_route=%2Fwp%2Fv2%2Fmedia&parent=266"}],"curies":[{"name":"wp","href":"https:\/\/api.w.org\/{rel}","templated":true}]}}